{"id":1718,"date":"2019-09-11T09:30:30","date_gmt":"2019-09-11T09:30:30","guid":{"rendered":"http:\/\/www.medialuna-tango.com\/?page_id=1718"},"modified":"2020-06-05T14:36:45","modified_gmt":"2020-06-05T14:36:45","slug":"tangoterapia","status":"publish","type":"page","link":"https:\/\/www.medialuna-tango.com\/?page_id=1718","title":{"rendered":"TANGOTERAPIA"},"content":{"rendered":"<h2>Corsi di Tango Terapia per malati di Parkinson (attivit\u00e0 fisica adattata)\u00a0 \u00a0 \u00a0 \u00a0 \u00a0 \u00a0 \u00a0 \u00a0 \u00a0 \u00a0 \u00a0 \u00a0 \u00a0 \u00a0 \u00a0 \u00a0Info Susy 3494441856 \u00a0\u00a0 \u00a0\u00a0 \u00a0\u00a0 \u00a0\u00a0 \u00a0\u00a0 \u00a0\u00a0 \u00a0\u00a0 \u00a0\u00a0 \u00a0\u00a0 \u00a0\u00a0 <a href=\"https:\/\/www.medialuna-tango.com\/wp-content\/uploads\/2019\/09\/69668088_10217378032337451_7743023867941093376_n.jpg\"><img loading=\"lazy\" decoding=\"async\" class=\"alignnone size-medium wp-image-1719\" src=\"https:\/\/www.medialuna-tango.com\/wp-content\/uploads\/2019\/09\/69668088_10217378032337451_7743023867941093376_n-300x145.jpg\" alt=\"69668088_10217378032337451_7743023867941093376_n\" width=\"300\" height=\"145\" srcset=\"https:\/\/www.medialuna-tango.com\/wp-content\/uploads\/2019\/09\/69668088_10217378032337451_7743023867941093376_n-300x145.jpg 300w, https:\/\/www.medialuna-tango.com\/wp-content\/uploads\/2019\/09\/69668088_10217378032337451_7743023867941093376_n.jpg 960w\" sizes=\"auto, (max-width: 300px) 100vw, 300px\" \/><\/a><\/h2>\n<p>Ti curo col tango:<br \/>\nA\u00a0<a href=\"https:\/\/www.facebook.com\/hashtag\/cesena?source=feed_text&amp;epa=HASHTAG\" data-ft=\"{&quot;type&quot;:104,&quot;tn&quot;:&quot;*N&quot;}\">#Cesena<\/a>\u00a0il corso di tango terapia per curare il\u00a0<a href=\"https:\/\/www.facebook.com\/hashtag\/parkinson?source=feed_text&amp;epa=HASHTAG\" data-ft=\"{&quot;type&quot;:104,&quot;tn&quot;:&quot;*N&quot;}\">#Parkinson<\/a>. Un progetto interessante nato grazie alla collaborazione tra\u00a0<a href=\"https:\/\/www.facebook.com\/hashtag\/uisp?source=feed_text&amp;epa=HASHTAG\" data-ft=\"{&quot;type&quot;:104,&quot;tn&quot;:&quot;*N&quot;}\">#Uisp<\/a>\u00a0Forl\u00ec-Cesena e\u00a0<a href=\"https:\/\/www.facebook.com\/hashtag\/medialuna?source=feed_text&amp;epa=HASHTAG\" data-ft=\"{&quot;type&quot;:104,&quot;tn&quot;:&quot;*N&quot;}\">#Medialuna<\/a>\u00a0Tango Cesena.<\/p>\n<p>Una danza che \u00e8 sempre andata oltre il genere, un ballo che \u00e8 spesso stato associato a una condizione sentimentale particolare, a un modo di vivere, una filosofia. Ora con il tango si pu\u00f2 provare a curare il Parkinson.\u00a0 Il corso , in collaborazione con la UISP, rientra nel progetto di ricerca europeo ISCA (International Sport and Culture Association).<\/p>\n<div>\n<p>\u00c8 stato provato che la tango terapia sia uno dei modi per combattere una delle malattie pi\u00f9 comuni del nostro tempo migliorando l&#8217;equilibrio psicofisico e di relazione. Inoltre \u00e8 stato riscontrato un miglioramento sull&#8217;umore delle persone affette da questa patologia e una diminuzione dei loro disturbi psico-comportamentali, con un potenziamento dell&#8217;equilibrio e della gestione del corpo grazie a questo ballo.<\/p>\n<p>Giampiero (medico di professione) e Susy (professoressa di scuola superiore e maestra di tango) metteranno a disposizione la loro didattica per migliorare il benessere delle persone malate. Il tango argentino di Susy e Giampiero lavora sulle figure in equilibrio, sul ritmo del ballo e grazie all&#8217;entusiasmo trasmesso si cercher\u00e0 di offrire alle persone malate di Parkinson un benessere che, trasportato nella vita quotidiana, migliorer\u00e0 il loro stile di vita<\/p>\n<\/div>\n","protected":false},"excerpt":{"rendered":"<p>Corsi di Tango Terapia per malati di Parkinson (attivit\u00e0 fisica adattata)\u00a0 \u00a0 \u00a0 \u00a0 \u00a0 \u00a0 \u00a0 \u00a0 \u00a0 \u00a0 \u00a0 \u00a0 \u00a0 \u00a0 \u00a0 \u00a0Info Susy 3494441856 \u00a0\u00a0 \u00a0\u00a0 \u00a0\u00a0 \u00a0\u00a0 \u00a0\u00a0 \u00a0\u00a0 \u00a0\u00a0 \u00a0\u00a0 \u00a0\u00a0 \u00a0\u00a0 Ti curo col tango: A\u00a0#Cesena\u00a0il corso di tango terapia per curare il\u00a0#Parkinson. Un progetto interessante nato grazie [&hellip;]<\/p>\n","protected":false},"author":1,"featured_media":0,"parent":0,"menu_order":0,"comment_status":"closed","ping_status":"open","template":"","meta":{"footnotes":""},"class_list":["post-1718","page","type-page","status-publish","hentry"],"_links":{"self":[{"href":"https:\/\/www.medialuna-tango.com\/index.php?rest_route=\/wp\/v2\/pages\/1718","targetHints":{"allow":["GET"]}}],"collection":[{"href":"https:\/\/www.medialuna-tango.com\/index.php?rest_route=\/wp\/v2\/pages"}],"about":[{"href":"https:\/\/www.medialuna-tango.com\/index.php?rest_route=\/wp\/v2\/types\/page"}],"author":[{"embeddable":true,"href":"https:\/\/www.medialuna-tango.com\/index.php?rest_route=\/wp\/v2\/users\/1"}],"replies":[{"embeddable":true,"href":"https:\/\/www.medialuna-tango.com\/index.php?rest_route=%2Fwp%2Fv2%2Fcomments&post=1718"}],"version-history":[{"count":4,"href":"https:\/\/www.medialuna-tango.com\/index.php?rest_route=\/wp\/v2\/pages\/1718\/revisions"}],"predecessor-version":[{"id":1999,"href":"https:\/\/www.medialuna-tango.com\/index.php?rest_route=\/wp\/v2\/pages\/1718\/revisions\/1999"}],"wp:attachment":[{"href":"https:\/\/www.medialuna-tango.com\/index.php?rest_route=%2Fwp%2Fv2%2Fmedia&parent=1718"}],"curies":[{"name":"wp","href":"https:\/\/api.w.org\/{rel}","templated":true}]}}